{"id":17,"date":"2021-06-27T16:47:39","date_gmt":"2021-06-27T16:47:39","guid":{"rendered":"https:\/\/www.willkana.de\/?page_id=17"},"modified":"2026-02-14T13:56:33","modified_gmt":"2026-02-14T12:56:33","slug":"contact","status":"publish","type":"page","link":"https:\/\/www.willkana.de\/de\/","title":{"rendered":"Kontakt"},"content":{"rendered":"\n<figure class=\"wp-block-image size-full\"><img fetchpriority=\"high\" decoding=\"async\" width=\"1005\" height=\"432\" src=\"https:\/\/www.willkana.de\/wp-content\/uploads\/2024\/08\/dl.beatsnoop.com-thumb-1723542643.jpg\" alt=\"\" class=\"wp-image-192\" srcset=\"https:\/\/www.willkana.de\/wp-content\/uploads\/2024\/08\/dl.beatsnoop.com-thumb-1723542643.jpg 1005w, https:\/\/www.willkana.de\/wp-content\/uploads\/2024\/08\/dl.beatsnoop.com-thumb-1723542643-300x129.jpg 300w, https:\/\/www.willkana.de\/wp-content\/uploads\/2024\/08\/dl.beatsnoop.com-thumb-1723542643-768x330.jpg 768w\" sizes=\"(max-width: 1005px) 100vw, 1005px\" \/><\/figure>\n\n\n\n<p><strong>Wer ich bin?<\/strong> Mein Name ist Christopher Hengefeld. In 2021 habe ich mich durch eine pers\u00f6nliche Entscheidung dazu entschieden nach Kolumbien zu ziehen. Mit meiner kolumbianischen Freundin haben wir eine Finca in den Bergen vor Cali gekauft. Aus dem vorherigen angestellten Verh\u00e4ltnis hat sich nun eine Eigenst\u00e4ndigkeit entwickelt. Ich spreche Deutsch und Englisch flie\u00dfend, sowie sehr gut Spanisch.<\/p>\n\n\n\n<p class=\"has-small-font-size\">Mail: freelance.willkana@gmail.com , WhatsApp\/Telegram: +49 176 62536 750 oder +57 312 4308997 <em>(in der Finca ist das Mobilt-Signal recht schlecht, seit Anfang 2024 besitzen wir eine Glasfaseranbindung welche eine konstante Internet-Kommunikation erm\u00f6glicht.)<\/em><\/p>\n\n\n\n<p>Dort arbeite ich unter einer kolumbianischen Steuernummer, da ich l\u00e4nger als 6 Monate (meistens 10-11 Monate) in Kolumbien bin.<\/p>\n\n\n\n<p>Was mache ich? Ich pr\u00e4sentiere meine Arbeit auf dieser Webseite. Die Datenbankverwaltungsprogramme in PHP\/MySQL k\u00f6nnen getestet werden. Au\u00dferdem stelle ich hier Konstruktions- und CNC-Bearbeitungsaufgaben vor. Auch die aktuellen Projekte, deren Projektmanagement und Planung (von der Idee bis zur Umsetzung) werden hier vorgestellt. (Noch nicht ver\u00f6ffentlicht.)<\/p>\n\n\n<div class=\"wp-block-image\">\n<figure class=\"aligncenter size-full\"><img decoding=\"async\" width=\"1006\" height=\"432\" src=\"https:\/\/www.willkana.de\/wp-content\/uploads\/2024\/08\/dl.beatsnoop.com-thumb-1723543709.jpg\" alt=\"\" class=\"wp-image-194\" srcset=\"https:\/\/www.willkana.de\/wp-content\/uploads\/2024\/08\/dl.beatsnoop.com-thumb-1723543709.jpg 1006w, https:\/\/www.willkana.de\/wp-content\/uploads\/2024\/08\/dl.beatsnoop.com-thumb-1723543709-300x129.jpg 300w, https:\/\/www.willkana.de\/wp-content\/uploads\/2024\/08\/dl.beatsnoop.com-thumb-1723543709-768x330.jpg 768w, https:\/\/www.willkana.de\/wp-content\/uploads\/2024\/08\/dl.beatsnoop.com-thumb-1723543709-700x300.jpg 700w, https:\/\/www.willkana.de\/wp-content\/uploads\/2024\/08\/dl.beatsnoop.com-thumb-1723543709-620x266.jpg 620w, https:\/\/www.willkana.de\/wp-content\/uploads\/2024\/08\/dl.beatsnoop.com-thumb-1723543709-400x171.jpg 400w\" sizes=\"(max-width: 1006px) 100vw, 1006px\" \/><\/figure>\n<\/div>\n\n\n<p>Mein Lebenslauf: Nach der Schule habe ich eine Ausbildung zum Modellbaumechaniker gemacht und anschlie\u00dfend an der FH Aachen Maschinenbau mit der Fachrichtung Entwicklung studiert, Bachelor (2,3) und Master (2,1).<\/p>\n\n\n\n<p><a href=\"https:\/\/www.willkana.de\/wp-content\/uploads\/2024\/08\/Lebenslauf-Christopher-DE-2.pdf\" data-type=\"link\" data-id=\"https:\/\/www.willkana.de\/wp-content\/uploads\/2024\/08\/Lebenslauf-Christopher-DE-1.pdf\">Mein Lebenslauf zusammengefasst.<\/a> (PDF)<\/p>\n\n\n\n<p>Mein beruflicher Werdegang: Zun\u00e4chst Gesellent\u00e4tigkeit im Karosseriemodellbau und w\u00e4hrend des Studiums als Werkstudent bei Siemens im Bereich Industrie- und Windkraftgetriebe t\u00e4tig. Danach 5 Jahre Festanstellung bei der ZF Friedrichshafen AG als Entwicklungsingenieur. Aufgrund der Standortschlie\u00dfung in Dortmund habe ich gek\u00fcndigt. Konstruiert wurde mit PTC Creo. Durch den Kauf einer CNC Fr\u00e4se und die damit verbundenen Erfahrungen k\u00f6nnen jegliche Konstruktionen (Holz\/Kunstoff\/Aluminium) eigenst\u00e4ndig umgesetzt werden.<\/p>\n\n\n\n<p>Beim n\u00e4chsten Arbeitgeber TUM Raesfeld arbeitete ich 3 Jahre als Berechnungsingenieur und IT&amp;Software Service im Ingenieurb\u00fcro f\u00fcr Bauwesen. Mit dem Umzug nach Kolumbien endete das offizielle Arbeitsverh\u00e4ltnis. <\/p>\n\n\n\n<p>Die letzten 2,5 Jahre habe ich haupts\u00e4chlich mit der Renovierung der Finca und dem Aufbau eines kleinen Betriebes zur Herstellung von \u00f6kologischen Kr\u00e4utern und D\u00fcngemitteln verbracht. Nebenbei habe ich in dieser Zeit f\u00fcr die TuM Raesfeld und die IWK mbh in Bocholt kleinere Aufgaben im Bereich <a href=\"https:\/\/www.willkana.de\/web-apps-web-design\/\">Softwareentwicklung, Datenbankmanagement (Access\/MySQL)<\/a> und allgemeine Fachberechnungen durchgef\u00fchrt.<\/p>\n\n\n\n<p>Momentan (Februar 2026) bin ich auf der Suche nach neuen Auftraggebern. Sie k\u00f6nnen mich gerne kontaktieren.<\/p>\n\n\n\n<p>In Kolumbien sind einige Projekte im Gange, um unsere Finca in eine<a href=\"https:\/\/www.willkana.de\/aula-ambiental\/\" data-type=\"page\" data-id=\"178\"> Technologieschule f\u00fcr \u00f6kologische Landwirtschaft<\/a> umzuwandeln.<\/p>\n\n\n\n<p>Vielen Dank f\u00fcr ihr Vertrauen.<\/p>\n\n\n\n<figure class=\"wp-block-image size-large is-style-default\"><img decoding=\"async\" width=\"1024\" height=\"238\" src=\"https:\/\/www.willkana.de\/wp-content\/uploads\/2024\/08\/banner_willkana3-1-1024x238.png\" alt=\"\" class=\"wp-image-122\" srcset=\"https:\/\/www.willkana.de\/wp-content\/uploads\/2024\/08\/banner_willkana3-1-1024x238.png 1024w, https:\/\/www.willkana.de\/wp-content\/uploads\/2024\/08\/banner_willkana3-1-300x70.png 300w, https:\/\/www.willkana.de\/wp-content\/uploads\/2024\/08\/banner_willkana3-1-768x179.png 768w, https:\/\/www.willkana.de\/wp-content\/uploads\/2024\/08\/banner_willkana3-1.png 1392w\" sizes=\"(max-width: 1024px) 100vw, 1024px\" \/><\/figure>\n\n\n\n<p><em>Willkana kommt aus der Andensprache Quechua und kann vielf\u00e4ltig ausgelegt werden. In der gelebten Spiritualit\u00e4t kann es mit Ver\u00e4nderung und Wachstum beschrieben werden.<\/em><\/p>\n","protected":false},"excerpt":{"rendered":"<p>Wer ich bin? Mein Name ist Christopher Hengefeld. In 2021 habe ich mich durch eine pers\u00f6nliche Entscheidung dazu entschieden nach Kolumbien zu ziehen. Mit meiner kolumbianischen Freundin haben wir eine Finca in den Bergen vor Cali gekauft. Aus dem vorherigen angestellten Verh\u00e4ltnis hat sich nun eine Eigenst\u00e4ndigkeit entwickelt. Ich spreche Deutsch und Englisch flie\u00dfend, sowie<\/p>\n<div class=\"more-link\">\n\t\t\t\t <a href=\"https:\/\/www.willkana.de\/de\/\" class=\"link-btn theme-btn\"><span>Weiterlesen <\/span> <i class=\"fa fa-caret-right\"><\/i><\/a>\n\t\t\t<\/div>\n","protected":false},"author":1,"featured_media":0,"parent":0,"menu_order":0,"comment_status":"closed","ping_status":"closed","template":"","meta":{"footnotes":""},"class_list":["post-17","page","type-page","status-publish","hentry"],"translation":{"provider":"WPGlobus","version":"3.0.2","language":"de","enabled_languages":["en","es","de"],"languages":{"en":{"title":true,"content":true,"excerpt":false},"es":{"title":true,"content":true,"excerpt":false},"de":{"title":true,"content":true,"excerpt":false}}},"_links":{"self":[{"href":"https:\/\/www.willkana.de\/de\/wp-json\/wp\/v2\/pages\/17","targetHints":{"allow":["GET"]}}],"collection":[{"href":"https:\/\/www.willkana.de\/de\/wp-json\/wp\/v2\/pages"}],"about":[{"href":"https:\/\/www.willkana.de\/de\/wp-json\/wp\/v2\/types\/page"}],"author":[{"embeddable":true,"href":"https:\/\/www.willkana.de\/de\/wp-json\/wp\/v2\/users\/1"}],"replies":[{"embeddable":true,"href":"https:\/\/www.willkana.de\/de\/wp-json\/wp\/v2\/comments?post=17"}],"version-history":[{"count":57,"href":"https:\/\/www.willkana.de\/de\/wp-json\/wp\/v2\/pages\/17\/revisions"}],"predecessor-version":[{"id":467,"href":"https:\/\/www.willkana.de\/de\/wp-json\/wp\/v2\/pages\/17\/revisions\/467"}],"wp:attachment":[{"href":"https:\/\/www.willkana.de\/de\/wp-json\/wp\/v2\/media?parent=17"}],"curies":[{"name":"wp","href":"https:\/\/api.w.org\/{rel}","templated":true}]}}