{"id":20,"date":"2021-06-27T16:52:57","date_gmt":"2021-06-27T16:52:57","guid":{"rendered":"https:\/\/www.willkana.de\/?page_id=20"},"modified":"2024-12-08T16:43:42","modified_gmt":"2024-12-08T15:43:42","slug":"produkte","status":"publish","type":"page","link":"https:\/\/www.willkana.de\/de\/produkte\/","title":{"rendered":"Produkte und Dienstleistungen"},"content":{"rendered":"\n<p>Ich biete umfassende IT-Dienstleistungen an, die auf die Bed\u00fcrfnisse von Unternehmen und Privatpersonen zugeschnitten sind. Mein Schwerpunkt liegt in der Entwicklung von ma\u00dfgeschneiderten PHP\/MySQL-Datenbankprogrammen, die eine effiziente Datenverwaltung und -verarbeitung erm\u00f6glichen (<a href=\"https:\/\/www.sqlmaestro.com\/products\/mysql\/phpgenerator\">PHP Generator for MySQL<\/a> incl. PHP, SQL &amp; AJAX). Mit fundierten Kenntnissen im Webdesign kreiere ich ansprechende und benutzerfreundliche Webseiten, die nicht nur \u00e4sthetisch ansprechend sind, sondern auch eine optimale Benutzererfahrung bieten.<\/p>\n\n\n\n<p>Ein weiterer Bereich meiner Expertise ist die CAD-Konstruktion sowie die Massenermittlung. Hierbei unterst\u00fctze ich Kunden in der Planung und Umsetzung technischer Zeichnungen und Berechnungen, die eine pr\u00e4zise und effiziente Realisation von Projekten f\u00f6rdern. Mein Ansatz in der Projektplanung und -durchf\u00fchrung zeichnet sich durch eine strukturierte Methodik aus, um sicherzustellen, dass Projekte termingerecht und innerhalb des Budgets abgeschlossen werden.<\/p>\n\n\n\n<p>In Kolumbien biete ich zus\u00e4tzlich spezielle Dienstleistungen im Bereich CNC- und Laserarbeiten an, wo ich kreative Kunstwerke und pr\u00e4zise Baukomponenten realisiere. Meine handwerklichen F\u00e4higkeiten kommen auch in der Schreinerei und im Gartenbau zum Tragen, wo ich individuelle L\u00f6sungen zur Versch\u00f6nerung von Wohn- und Au\u00dfenbereichen anbiete. Meine Leidenschaft f\u00fcr das Handwerk und die Natur spiegeln sich in jedem meiner Projekte wider.<\/p>\n\n\n\n<p>Egal ob IT-L\u00f6sungen, technisches Design oder handwerkliche Arbeiten \u2013 ich bin Ihr zuverl\u00e4ssiger Partner, der Wert auf Qualit\u00e4t, Effizienz und Kreativit\u00e4t legt. Lassen Sie uns gemeinsam Ihre Ideen verwirklichen!<\/p>\n\n\n\n<p>Kurz:<\/p>\n\n\n\n<ol class=\"wp-block-list\">\n<li>IT-Dienstleistungen<\/li>\n\n\n\n<li><a href=\"https:\/\/www.willkana.de\/web-apps-web-design\/\">WebApps\/PHP\/MySQL Datenbankprogramme<\/a><\/li>\n\n\n\n<li>Webdesign<\/li>\n\n\n\n<li>CAD-Konstruktion und Massenermittlung<\/li>\n\n\n\n<li>Projektplanung und -durchf\u00fchrung<\/li>\n\n\n\n<li><a href=\"https:\/\/www.willkana.de\/de\/arts\/\">CNC- und Laserarbeiten \/ Kunst (nur Kolumbien)<\/a><\/li>\n\n\n\n<li>Schreinerei und Gartenbau (nur Kolumbien)<\/li>\n<\/ol>\n\n\n\n<p>Durch die niedrigen Lohnsteuern und Lebenshaltungskosten in Kolumbien kann ich gute Angebote und\/oder Stundenl\u00f6hne annehmen. Kontaktiere mich einfach!<\/p>\n\n\n\n<p>08.12.2024 -> Neuer Beitrag der CNC- und Laserbearbeitung angelegt und verlinkt!<\/p>\n\n\n\n<p>16.08.2024 -&gt; Anpassung der Seite!<\/p>\n","protected":false},"excerpt":{"rendered":"<p>Ich biete umfassende IT-Dienstleistungen an, die auf die Bed\u00fcrfnisse von Unternehmen und Privatpersonen zugeschnitten sind. Mein Schwerpunkt liegt in der Entwicklung von ma\u00dfgeschneiderten PHP\/MySQL-Datenbankprogrammen, die eine effiziente Datenverwaltung und -verarbeitung erm\u00f6glichen (PHP Generator for MySQL incl. PHP, SQL &amp; AJAX). Mit fundierten Kenntnissen im Webdesign kreiere ich ansprechende und benutzerfreundliche Webseiten, die nicht nur \u00e4sthetisch<\/p>\n<div class=\"more-link\">\n\t\t\t\t <a href=\"https:\/\/www.willkana.de\/de\/produkte\/\" class=\"link-btn theme-btn\"><span>Weiterlesen <\/span> <i class=\"fa fa-caret-right\"><\/i><\/a>\n\t\t\t<\/div>\n","protected":false},"author":1,"featured_media":0,"parent":0,"menu_order":0,"comment_status":"closed","ping_status":"closed","template":"","meta":{"footnotes":""},"class_list":["post-20","page","type-page","status-publish","hentry"],"translation":{"provider":"WPGlobus","version":"3.0.2","language":"de","enabled_languages":["en","es","de"],"languages":{"en":{"title":true,"content":true,"excerpt":false},"es":{"title":true,"content":true,"excerpt":false},"de":{"title":true,"content":true,"excerpt":false}}},"_links":{"self":[{"href":"https:\/\/www.willkana.de\/de\/wp-json\/wp\/v2\/pages\/20","targetHints":{"allow":["GET"]}}],"collection":[{"href":"https:\/\/www.willkana.de\/de\/wp-json\/wp\/v2\/pages"}],"about":[{"href":"https:\/\/www.willkana.de\/de\/wp-json\/wp\/v2\/types\/page"}],"author":[{"embeddable":true,"href":"https:\/\/www.willkana.de\/de\/wp-json\/wp\/v2\/users\/1"}],"replies":[{"embeddable":true,"href":"https:\/\/www.willkana.de\/de\/wp-json\/wp\/v2\/comments?post=20"}],"version-history":[{"count":28,"href":"https:\/\/www.willkana.de\/de\/wp-json\/wp\/v2\/pages\/20\/revisions"}],"predecessor-version":[{"id":452,"href":"https:\/\/www.willkana.de\/de\/wp-json\/wp\/v2\/pages\/20\/revisions\/452"}],"wp:attachment":[{"href":"https:\/\/www.willkana.de\/de\/wp-json\/wp\/v2\/media?parent=20"}],"curies":[{"name":"wp","href":"https:\/\/api.w.org\/{rel}","templated":true}]}}