{"id":17,"date":"2021-06-27T16:47:39","date_gmt":"2021-06-27T16:47:39","guid":{"rendered":"https:\/\/www.willkana.de\/?page_id=17"},"modified":"2026-02-14T13:56:33","modified_gmt":"2026-02-14T12:56:33","slug":"contact","status":"publish","type":"page","link":"https:\/\/www.willkana.de\/es\/","title":{"rendered":"Contacto"},"content":{"rendered":"<\/p>\n<p>\n\n\n<figure class=\"wp-block-image size-full\"><img fetchpriority=\"high\" decoding=\"async\" width=\"1005\" height=\"432\" src=\"https:\/\/www.willkana.de\/wp-content\/uploads\/2024\/08\/dl.beatsnoop.com-thumb-1723542643.jpg\" alt=\"\" class=\"wp-image-192\" srcset=\"https:\/\/www.willkana.de\/wp-content\/uploads\/2024\/08\/dl.beatsnoop.com-thumb-1723542643.jpg 1005w, https:\/\/www.willkana.de\/wp-content\/uploads\/2024\/08\/dl.beatsnoop.com-thumb-1723542643-300x129.jpg 300w, https:\/\/www.willkana.de\/wp-content\/uploads\/2024\/08\/dl.beatsnoop.com-thumb-1723542643-768x330.jpg 768w\" sizes=\"(max-width: 1005px) 100vw, 1005px\" \/><\/figure>\n\n\n\n<p class=\"has-small-font-size\"><em>Mail: freelance.willkana@gmail.com , WhatsApp\/Telegram: +49 176 62536 750 o +57 312 4308997 (la se\u00f1al de m\u00f3vil en la finca es bastante pobre, desde principios de 2024 disponemos de una conexi\u00f3n de fibra \u00f3ptica que permite una comunicaci\u00f3n constante por internet).<\/em><\/p>\n\n\n\n<p>\u00bfA qu\u00e9 me dedico? Presento mi trabajo en este sitio web. Se pueden probar los programas de gesti\u00f3n de bases de datos en PHP\/MySQL. Tambi\u00e9n presento aqu\u00ed tareas de dise\u00f1o y mecanizado CNC. Tambi\u00e9n se presentan aqu\u00ed los proyectos actuales, su gesti\u00f3n y planificaci\u00f3n (desde la idea hasta la realizaci\u00f3n).<\/p>\n\n\n\n<p><a href=\"https:\/\/www.willkana.de\/wp-content\/uploads\/2026\/02\/CV-Christopher-LAT.pdf\">Curr\u00edculum Vitae en PDF<\/a><\/p>\n\n\n\n<p><a href=\"https:\/\/www.willkana.de\/wp-content\/uploads\/2026\/02\/CV-Christopher-LAT.pdf\">Mi CV<\/a>: Tras dejar la escuela, me form\u00e9 como mec\u00e1nico modelista y luego estudi\u00e9 ingenier\u00eda mec\u00e1nica en la Universidad de Ciencias Aplicadas de Aquisgr\u00e1n, especializ\u00e1ndome en desarrollo, licenciatura (2,3) y m\u00e1ster (2,1).<\/p>\n\n\n\n<p>Mi carrera profesional: Empec\u00e9 como aprendiz en el modelado de carrocer\u00edas y durante mis estudios trabaj\u00e9 como estudiante en pr\u00e1cticas en Siemens en la divisi\u00f3n de reductores industriales y e\u00f3licos. Despu\u00e9s, 5 a\u00f1os de empleo fijo en ZF Friedrichshafen AG como ingeniero de desarrollo. Dimit\u00ed debido al cierre de la planta de Dortmund. Dise\u00f1aba con PTC Creo. Gracias a la compra de una fresadora CNC y la experiencia asociada, se puede realizar cualquier dise\u00f1o (madera\/pl\u00e1stico\/aluminio) de forma independiente.<\/p>\n\n\n\n<p>En mi siguiente empresa, TUM Raesfeld, trabaj\u00e9 durante 3 a\u00f1os como ingeniero de c\u00e1lculo y servicio inform\u00e1tico y de software en la oficina de ingenier\u00eda civil.<\/p>\n\n\n\n<p>He pasado los \u00faltimos dos a\u00f1os y medio principalmente renovando la finca y creando una peque\u00f1a empresa para la producci\u00f3n de hierbas y fertilizantes org\u00e1nicos. Durante este tiempo, tambi\u00e9n he realizado peque\u00f1as tareas para TuM Raesfeld e IWK mbh en Bocholt en las \u00e1reas de <a href=\"https:\/\/www.willkana.de\/web-apps-web-design\/\">desarrollo de software, gesti\u00f3n de bases de datos<\/a> (Access\/MySQL) y c\u00e1lculos especializados en general.<\/p>\n\n\n\n<figure class=\"wp-block-image size-full\"><img decoding=\"async\" width=\"1006\" height=\"432\" src=\"https:\/\/www.willkana.de\/wp-content\/uploads\/2024\/08\/dl.beatsnoop.com-thumb-1723543709.jpg\" alt=\"\" class=\"wp-image-194\" srcset=\"https:\/\/www.willkana.de\/wp-content\/uploads\/2024\/08\/dl.beatsnoop.com-thumb-1723543709.jpg 1006w, https:\/\/www.willkana.de\/wp-content\/uploads\/2024\/08\/dl.beatsnoop.com-thumb-1723543709-300x129.jpg 300w, https:\/\/www.willkana.de\/wp-content\/uploads\/2024\/08\/dl.beatsnoop.com-thumb-1723543709-768x330.jpg 768w, https:\/\/www.willkana.de\/wp-content\/uploads\/2024\/08\/dl.beatsnoop.com-thumb-1723543709-700x300.jpg 700w, https:\/\/www.willkana.de\/wp-content\/uploads\/2024\/08\/dl.beatsnoop.com-thumb-1723543709-620x266.jpg 620w, https:\/\/www.willkana.de\/wp-content\/uploads\/2024\/08\/dl.beatsnoop.com-thumb-1723543709-400x171.jpg 400w\" sizes=\"(max-width: 1006px) 100vw, 1006px\" \/><\/figure>\n\n\n\n<p>En este momento (Febrero 2026) estoy buscando nuevos clientes. Son bienvenidos a contactarme.<\/p>\n\n\n\n<p>Hay algunos proyectos en marcha en Colombia para transformar nuestra finca en una <a href=\"https:\/\/www.willkana.de\/aula-ambiental\/\">escuela de tecnolog\u00eda<\/a> para la agricultura ecol\u00f3gica.<\/p>\n\n\n\n<p class=\"has-small-font-size\"><em>Willkana procede de la lengua andina quechua y puede interpretarse de muchas maneras. En la espiritualidad vivida, puede describirse como cambio y crecimiento. Encontr\u00e9 el nombre junto a un cham\u00e1n de los Andes. Adem\u00e1s, \u00abWillka\u00f1\u00bb o \u00abWillkana\u00bb se refiere generalmente a algo que es sagrado o venerado. El t\u00e9rmino suele asociarse a conceptos de santidad o santidad.<\/em><\/p>\n\n\n\n<p>Muchas gracias por su confianza. Chris<\/p>\n","protected":false},"excerpt":{"rendered":"<p>Mail: freelance.willkana@gmail.com , WhatsApp\/Telegram: +49 176 62536 750 o +57 312 4308997 (la se\u00f1al de m\u00f3vil en la finca es bastante pobre, desde principios de 2024 disponemos de una conexi\u00f3n de fibra \u00f3ptica que permite una comunicaci\u00f3n constante por internet). \u00bfA qu\u00e9 me dedico? Presento mi trabajo en este sitio web. Se pueden probar los<\/p>\n<div class=\"more-link\">\n\t\t\t\t <a href=\"https:\/\/www.willkana.de\/es\/\" class=\"link-btn theme-btn\"><span>Read More <\/span> <i class=\"fa fa-caret-right\"><\/i><\/a>\n\t\t\t<\/div>\n","protected":false},"author":1,"featured_media":0,"parent":0,"menu_order":0,"comment_status":"closed","ping_status":"closed","template":"","meta":{"footnotes":""},"class_list":["post-17","page","type-page","status-publish","hentry"],"translation":{"provider":"WPGlobus","version":"3.0.2","language":"es","enabled_languages":["en","es","de"],"languages":{"en":{"title":true,"content":true,"excerpt":false},"es":{"title":true,"content":true,"excerpt":false},"de":{"title":true,"content":true,"excerpt":false}}},"_links":{"self":[{"href":"https:\/\/www.willkana.de\/es\/wp-json\/wp\/v2\/pages\/17","targetHints":{"allow":["GET"]}}],"collection":[{"href":"https:\/\/www.willkana.de\/es\/wp-json\/wp\/v2\/pages"}],"about":[{"href":"https:\/\/www.willkana.de\/es\/wp-json\/wp\/v2\/types\/page"}],"author":[{"embeddable":true,"href":"https:\/\/www.willkana.de\/es\/wp-json\/wp\/v2\/users\/1"}],"replies":[{"embeddable":true,"href":"https:\/\/www.willkana.de\/es\/wp-json\/wp\/v2\/comments?post=17"}],"version-history":[{"count":57,"href":"https:\/\/www.willkana.de\/es\/wp-json\/wp\/v2\/pages\/17\/revisions"}],"predecessor-version":[{"id":467,"href":"https:\/\/www.willkana.de\/es\/wp-json\/wp\/v2\/pages\/17\/revisions\/467"}],"wp:attachment":[{"href":"https:\/\/www.willkana.de\/es\/wp-json\/wp\/v2\/media?parent=17"}],"curies":[{"name":"wp","href":"https:\/\/api.w.org\/{rel}","templated":true}]}}