{"id":178,"date":"2024-08-09T15:31:26","date_gmt":"2024-08-09T13:31:26","guid":{"rendered":"https:\/\/www.willkana.de\/?page_id=178"},"modified":"2024-08-19T11:50:51","modified_gmt":"2024-08-19T09:50:51","slug":"aula-ambiental","status":"publish","type":"page","link":"https:\/\/www.willkana.de\/es\/aula-ambiental\/","title":{"rendered":"Aula Ambiental"},"content":{"rendered":"\n<p><strong>Bienvenido a nuestra peque\u00f1a escuela en las monta\u00f1as a las afueras de Cali<\/strong><\/p>\n\n\n\n<p>Rodeada de naturaleza impresionante y aire fresco de monta\u00f1a, nuestra escuela p\u00fablica \u00fanica ofrece un entorno de aprendizaje inspirador para los amantes apasionados de la naturaleza y los entusiastas de la tecnolog\u00eda. Nuestra instituci\u00f3n se dedica a la agricultura ecol\u00f3gica y promueve tecnolog\u00edas innovadoras que permiten un futuro sostenible.<\/p>\n\n\n\n<p><strong>Nuestra visi\u00f3n<\/strong><\/p>\n\n\n\n<p>Creemos que combinar tradici\u00f3n y modernidad es la clave para preservar nuestro planeta. En un mundo en constante cambio, hacemos hincapi\u00e9 en una educaci\u00f3n s\u00f3lida que combine el respeto por la naturaleza y el uso de las nuevas tecnolog\u00edas. Nuestros estudiantes no s\u00f3lo est\u00e1n capacitados para convertirse en expertos en agricultura ecol\u00f3gica, sino tambi\u00e9n en solucionadores creativos de problemas que dominan los retos del futuro con enfoques innovadores.<\/p>\n\n\n\n<p><strong>Lo que ofrecemos<\/strong><\/p>\n\n\n\n<p>Formaci\u00f3n pr\u00e1ctica: Mediante aplicaciones pr\u00e1cticas en nuestros propios huertos e invernaderos ecol\u00f3gicos, los estudiantes aprenden a cultivar de forma sostenible y a fomentar la biodiversidad.<\/p>\n\n\n\n<p>Innovaciones tecnol\u00f3gicas: Integramos tecnolog\u00edas modernas como la acuapon\u00eda, la agricultura vertical y las energ\u00edas renovables en nuestros planes de estudios para crear una agricultura orientada al futuro.<\/p>\n\n\n\n<p>Conciencia y responsabilidad medioambientales: La educaci\u00f3n medioambiental es un componente central de nuestro planteamiento. Nuestros alumnos aprenden a responsabilizarse de la naturaleza y desarrollan una profunda comprensi\u00f3n de las relaciones ecol\u00f3gicas.<\/p>\n\n\n\n<p><strong>Aprender en comunidad<\/strong><\/p>\n\n\n\n<p>En nuestro entorno peque\u00f1o y familiar, fomentamos el intercambio de ideas y experiencias. Nuestros alumnos colaboran estrechamente para encontrar soluciones a los retos actuales de la agricultura y aprenden unos de otros. La interacci\u00f3n armoniosa y el apoyo de profesores experimentados crean una atm\u00f3sfera inspiradora para el aprendizaje.<\/p>\n\n\n\n<p><strong>Descubre tu pasi\u00f3n por la agricultura<\/strong><\/p>\n\n\n\n<p>Le invitamos a unirse a nuestra comunidad y a dar forma al futuro de la agricultura ecol\u00f3gica junto con nosotros. Exploremos juntos las posibilidades de las nuevas tecnolog\u00edas y ejerzamos un impacto positivo en nuestro medio ambiente.<\/p>\n\n\n\n<p><strong>Ven a visitarnos<\/strong><\/p>\n\n\n\n<p>Ven a conocer nuestra escuela y nuestra filosof\u00eda. \u00a1Esperamos darte la bienvenida pronto en las monta\u00f1as de las afueras de Cali (La Castilla)! <strong>Nuestra representaci\u00f3n en l\u00ednea del proyecto: <a href=\"https:\/\/winacheq.com\/\">https:\/\/winacheq.com\/<\/a><\/strong><\/p>\n\n\n\n<p>Nuestra base es la finca con el maravilloso tono azul del agua del glaciar. Est\u00e1 previsto que las obras de renovaci\u00f3n finalicen en diciembre de 2024. Tenemos 2,5 hect\u00e1reas de terreno que queremos desarrollar como centro prototipo junto a nuestra propia finca.<\/p>\n\n\n\n<figure class=\"wp-block-video\"><video height=\"720\" style=\"aspect-ratio: 1280 \/ 720;\" width=\"1280\" controls src=\"https:\/\/www.willkana.de\/wp-content\/uploads\/2024\/08\/Vuelo_1_720.mp4\"><\/video><\/figure>\n","protected":false},"excerpt":{"rendered":"<p>Bienvenido a nuestra peque\u00f1a escuela en las monta\u00f1as a las afueras de Cali Rodeada de naturaleza impresionante y aire fresco de monta\u00f1a, nuestra escuela p\u00fablica \u00fanica ofrece un entorno de aprendizaje inspirador para los amantes apasionados de la naturaleza y los entusiastas de la tecnolog\u00eda. Nuestra instituci\u00f3n se dedica a la agricultura ecol\u00f3gica y promueve<\/p>\n<div class=\"more-link\">\n\t\t\t\t <a href=\"https:\/\/www.willkana.de\/es\/aula-ambiental\/\" class=\"link-btn theme-btn\"><span>Read More <\/span> <i class=\"fa fa-caret-right\"><\/i><\/a>\n\t\t\t<\/div>\n","protected":false},"author":1,"featured_media":259,"parent":0,"menu_order":0,"comment_status":"closed","ping_status":"closed","template":"","meta":{"footnotes":""},"class_list":["post-178","page","type-page","status-publish","has-post-thumbnail","hentry"],"translation":{"provider":"WPGlobus","version":"3.0.2","language":"es","enabled_languages":["en","es","de"],"languages":{"en":{"title":true,"content":true,"excerpt":false},"es":{"title":true,"content":true,"excerpt":false},"de":{"title":true,"content":true,"excerpt":false}}},"_links":{"self":[{"href":"https:\/\/www.willkana.de\/es\/wp-json\/wp\/v2\/pages\/178","targetHints":{"allow":["GET"]}}],"collection":[{"href":"https:\/\/www.willkana.de\/es\/wp-json\/wp\/v2\/pages"}],"about":[{"href":"https:\/\/www.willkana.de\/es\/wp-json\/wp\/v2\/types\/page"}],"author":[{"embeddable":true,"href":"https:\/\/www.willkana.de\/es\/wp-json\/wp\/v2\/users\/1"}],"replies":[{"embeddable":true,"href":"https:\/\/www.willkana.de\/es\/wp-json\/wp\/v2\/comments?post=178"}],"version-history":[{"count":16,"href":"https:\/\/www.willkana.de\/es\/wp-json\/wp\/v2\/pages\/178\/revisions"}],"predecessor-version":[{"id":419,"href":"https:\/\/www.willkana.de\/es\/wp-json\/wp\/v2\/pages\/178\/revisions\/419"}],"wp:featuredmedia":[{"embeddable":true,"href":"https:\/\/www.willkana.de\/es\/wp-json\/wp\/v2\/media\/259"}],"wp:attachment":[{"href":"https:\/\/www.willkana.de\/es\/wp-json\/wp\/v2\/media?parent=178"}],"curies":[{"name":"wp","href":"https:\/\/api.w.org\/{rel}","templated":true}]}}