{"id":20,"date":"2021-06-27T16:52:57","date_gmt":"2021-06-27T16:52:57","guid":{"rendered":"https:\/\/www.willkana.de\/?page_id=20"},"modified":"2024-12-08T16:43:42","modified_gmt":"2024-12-08T15:43:42","slug":"produkte","status":"publish","type":"page","link":"https:\/\/www.willkana.de\/es\/produkte\/","title":{"rendered":"Productos y servicios"},"content":{"rendered":"\n<p>Ofrezco servicios inform\u00e1ticos integrales adaptados a las necesidades de empresas y particulares. Me centro en el desarrollo de programas de bases de datos PHP\/MySQL personalizados que permitan una gesti\u00f3n y un procesamiento eficaces de los datos (<a href=\"https:\/\/www.sqlmaestro.com\/products\/mysql\/phpgenerator\">PHP Generator for MySQL<\/a> incl. PHP, SQL &amp; AJAX). Con profundos conocimientos de dise\u00f1o web, creo sitios web atractivos y f\u00e1ciles de usar que no s\u00f3lo son est\u00e9ticamente agradables, sino que tambi\u00e9n proporcionan una experiencia de usuario \u00f3ptima.<\/p>\n\n\n\n<p>Otra de mis \u00e1reas de especializaci\u00f3n es el dise\u00f1o CAD y la medici\u00f3n de cantidades. Aqu\u00ed apoyo a los clientes en la planificaci\u00f3n e implementaci\u00f3n de dibujos t\u00e9cnicos y c\u00e1lculos que promueven la realizaci\u00f3n precisa y eficiente de los proyectos. Mi enfoque de la planificaci\u00f3n y ejecuci\u00f3n de proyectos se caracteriza por una metodolog\u00eda estructurada para garantizar que los proyectos se completen a tiempo y dentro del presupuesto.<\/p>\n\n\n\n<p>En Colombia, tambi\u00e9n ofrezco servicios especializados en CNC y l\u00e1ser, donde realizo obras de arte creativas y componentes de construcci\u00f3n precisos. Mis habilidades artesanales tambi\u00e9n entran en juego en la carpinter\u00eda y la horticultura, donde ofrezco soluciones personalizadas para embellecer espacios vitales y exteriores. Mi pasi\u00f3n por la artesan\u00eda y la naturaleza se refleja en cada uno de mis proyectos.<\/p>\n\n\n\n<p>Ya se trate de soluciones inform\u00e1ticas, dise\u00f1o t\u00e9cnico o artesan\u00eda, soy su socio de confianza que hace hincapi\u00e9 en la calidad, la eficacia y la creatividad. Hagamos realidad sus ideas juntos.<\/p>\n\n\n\n<p>Brevemente:<\/p>\n\n\n\n<ol class=\"wp-block-list\">\n<li>Servicios inform\u00e1ticos<\/li>\n\n\n\n<li><a href=\"https:\/\/www.willkana.de\/web-apps-web-design\/\">WebApps\/programas de bases de datos PHP\/MySQL<\/a><\/li>\n\n\n\n<li>dise\u00f1o web<\/li>\n\n\n\n<li>Dise\u00f1o CAD y medici\u00f3n de cantidades<\/li>\n\n\n\n<li>Planificaci\u00f3n y realizaci\u00f3n de proyectos<\/li>\n\n\n\n<li><a href=\"https:\/\/www.willkana.de\/es\/arts\/\">CNC y trabajo con l\u00e1ser \/ arte (s\u00f3lo Colombia)<\/a><\/li>\n\n\n\n<li>Carpinter\u00eda y horticultura (s\u00f3lo Colombia)<\/li>\n<\/ol>\n\n\n\n<p>Debido a los bajos impuestos laborales y costo de vida en Colombia, puedo aceptar buenas ofertas y\/o salarios por hora. \u00a1Solo cont\u00e1ctame!<\/p>\n\n\n\n<p>16.08.2024 -&gt; Adaptaci\u00f3n de la p\u00e1gina<\/p>\n","protected":false},"excerpt":{"rendered":"<p>Ofrezco servicios inform\u00e1ticos integrales adaptados a las necesidades de empresas y particulares. Me centro en el desarrollo de programas de bases de datos PHP\/MySQL personalizados que permitan una gesti\u00f3n y un procesamiento eficaces de los datos (PHP Generator for MySQL incl. PHP, SQL &amp; AJAX). Con profundos conocimientos de dise\u00f1o web, creo sitios web atractivos<\/p>\n<div class=\"more-link\">\n\t\t\t\t <a href=\"https:\/\/www.willkana.de\/es\/produkte\/\" class=\"link-btn theme-btn\"><span>Read More <\/span> <i class=\"fa fa-caret-right\"><\/i><\/a>\n\t\t\t<\/div>\n","protected":false},"author":1,"featured_media":0,"parent":0,"menu_order":0,"comment_status":"closed","ping_status":"closed","template":"","meta":{"footnotes":""},"class_list":["post-20","page","type-page","status-publish","hentry"],"translation":{"provider":"WPGlobus","version":"3.0.2","language":"es","enabled_languages":["en","es","de"],"languages":{"en":{"title":true,"content":true,"excerpt":false},"es":{"title":true,"content":true,"excerpt":false},"de":{"title":true,"content":true,"excerpt":false}}},"_links":{"self":[{"href":"https:\/\/www.willkana.de\/es\/wp-json\/wp\/v2\/pages\/20","targetHints":{"allow":["GET"]}}],"collection":[{"href":"https:\/\/www.willkana.de\/es\/wp-json\/wp\/v2\/pages"}],"about":[{"href":"https:\/\/www.willkana.de\/es\/wp-json\/wp\/v2\/types\/page"}],"author":[{"embeddable":true,"href":"https:\/\/www.willkana.de\/es\/wp-json\/wp\/v2\/users\/1"}],"replies":[{"embeddable":true,"href":"https:\/\/www.willkana.de\/es\/wp-json\/wp\/v2\/comments?post=20"}],"version-history":[{"count":28,"href":"https:\/\/www.willkana.de\/es\/wp-json\/wp\/v2\/pages\/20\/revisions"}],"predecessor-version":[{"id":452,"href":"https:\/\/www.willkana.de\/es\/wp-json\/wp\/v2\/pages\/20\/revisions\/452"}],"wp:attachment":[{"href":"https:\/\/www.willkana.de\/es\/wp-json\/wp\/v2\/media?parent=20"}],"curies":[{"name":"wp","href":"https:\/\/api.w.org\/{rel}","templated":true}]}}