{"id":26,"date":"2021-06-27T16:56:30","date_gmt":"2021-06-27T16:56:30","guid":{"rendered":"https:\/\/www.willkana.de\/?page_id=26"},"modified":"2024-08-19T11:42:13","modified_gmt":"2024-08-19T09:42:13","slug":"gallerie","status":"publish","type":"page","link":"https:\/\/www.willkana.de\/es\/gallerie\/","title":{"rendered":"Gallery"},"content":{"rendered":"\n<p>He creado esta galer\u00eda para mostrar las im\u00e1genes utilizadas para describir mi trabajo. Encontrar\u00e1 m\u00e1s detalles en proyectos y productos.<\/p>\n\n\n\n<p><strong>La primera galer\u00eda<\/strong> es un proyecto actual para la empresa IWK de Bocholt. Debido a un cambio necesario en el \u00e1mbito de la gesti\u00f3n documental y administrativa, este software se desarroll\u00f3 en peque\u00f1os pasos y ha ido sustituyendo gradualmente diversas programas, listas y documentos.<\/p>\n\n\n\n<pre class=\"wp-block-preformatted\"><div id=\"metaslider-id-347\" style=\"width: 100%;\" class=\"ml-slider-3-107-0 metaslider metaslider-flex metaslider-347 ml-slider hide-arrows-smartphone ms-theme-default nav-hidden\" role=\"region\" aria-label=\"Pr\u00e4sentation WebApp B\u00fcrosoftware IWK\" data-height=\"600\" data-width=\"1100\">\n    <div id=\"metaslider_container_347\">\n        <div id=\"metaslider_347\">\n            <ul class='slides'>\n                <li style=\"display: block; width: 100%;\" class=\"slide-357 ms-image \" aria-roledescription=\"slide\" data-date=\"2024-08-19 09:06:51\" data-filename=\"01-Anmeldung-971x529.png\" data-slide-type=\"image\"><img fetchpriority=\"high\" decoding=\"async\" src=\"https:\/\/www.willkana.de\/wp-content\/uploads\/2024\/08\/01-Anmeldung-971x529.png\" height=\"600\" width=\"1100\" alt=\"\" class=\"slider-347 slide-357 msDefaultImage\" title=\"01-Anmeldung\" \/><div class=\"caption-wrap\"><div class=\"caption\"><div>Einfacher Login, auch mit Recapcha m\u00f6glich<\/div><\/div><\/div><\/li>\n                <li style=\"display: none; width: 100%;\" class=\"slide-358 ms-image \" aria-roledescription=\"slide\" data-date=\"2024-08-19 09:06:51\" data-filename=\"02-Ubersicht-1100x600.png\" data-slide-type=\"image\"><img decoding=\"async\" src=\"https:\/\/www.willkana.de\/wp-content\/uploads\/2024\/08\/02-Ubersicht-1100x600.png\" height=\"600\" width=\"1100\" alt=\"\" class=\"slider-347 slide-358 msDefaultImage\" title=\"02-\u00dcbersicht\" \/><div class=\"caption-wrap\"><div class=\"caption\"><div>Startoberfl\u00e4che der B\u00fcroverwaltung von IWK.<\/div><\/div><\/div><\/li>\n                <li style=\"display: none; width: 100%;\" class=\"slide-359 ms-image \" aria-roledescription=\"slide\" data-date=\"2024-08-19 09:06:51\" data-filename=\"03-Protokolle-1100x600.png\" data-slide-type=\"image\"><img decoding=\"async\" src=\"https:\/\/www.willkana.de\/wp-content\/uploads\/2024\/08\/03-Protokolle-1100x600.png\" height=\"600\" width=\"1100\" alt=\"\" class=\"slider-347 slide-359 msDefaultImage\" title=\"03-Protokolle\" \/><div class=\"caption-wrap\"><div class=\"caption\"><div>Protokollsystem mit Postionen und Teilnehmern, sowie Gallerie und individuellem Bilderdruck<\/div><\/div><\/div><\/li>\n                <li style=\"display: none; width: 100%;\" class=\"slide-360 ms-image \" aria-roledescription=\"slide\" data-date=\"2024-08-19 09:06:51\" data-filename=\"03-Protokolle-PDFexport-1100x600.png\" data-slide-type=\"image\"><img loading=\"lazy\" decoding=\"async\" src=\"https:\/\/www.willkana.de\/wp-content\/uploads\/2024\/08\/03-Protokolle-PDFexport-1100x600.png\" height=\"600\" width=\"1100\" alt=\"\" class=\"slider-347 slide-360 msDefaultImage\" title=\"03-Protokolle-PDFexport\" \/><div class=\"caption-wrap\"><div class=\"caption\"><div>Einfacher Export von Protokollen mittels mPDF mit \u00dcbergabe von Variablen \u00fcber smarty 2.0. Design der PDF in HTML.<\/div><\/div><\/div><\/li>\n                <li style=\"display: none; width: 100%;\" class=\"slide-361 ms-image \" aria-roledescription=\"slide\" data-date=\"2024-08-19 09:06:51\" data-filename=\"04-Etikettendruck_1-1100x600.png\" data-slide-type=\"image\"><img loading=\"lazy\" decoding=\"async\" src=\"https:\/\/www.willkana.de\/wp-content\/uploads\/2024\/08\/04-Etikettendruck_1-1100x600.png\" height=\"600\" width=\"1100\" alt=\"\" class=\"slider-347 slide-361 msDefaultImage\" title=\"04-Etikettendruck_1\" \/><div class=\"caption-wrap\"><div class=\"caption\"><div>B\u00fcrosticker bzw. Etikettendruck nach Anforderung, hierf\u00fcr Ordner.<\/div><\/div><\/div><\/li>\n                <li style=\"display: none; width: 100%;\" class=\"slide-362 ms-image \" aria-roledescription=\"slide\" data-date=\"2024-08-19 09:06:51\" data-filename=\"04-Etikettendruck_2-1100x600.png\" data-slide-type=\"image\"><img loading=\"lazy\" decoding=\"async\" src=\"https:\/\/www.willkana.de\/wp-content\/uploads\/2024\/08\/04-Etikettendruck_2-1100x600.png\" height=\"600\" width=\"1100\" alt=\"\" class=\"slider-347 slide-362 msDefaultImage\" title=\"04-Etikettendruck_2\" \/><div class=\"caption-wrap\"><div class=\"caption\"><div>Druck f\u00fcr breite Ordner<\/div><\/div><\/div><\/li>\n                <li style=\"display: none; width: 100%;\" class=\"slide-363 ms-image \" aria-roledescription=\"slide\" data-date=\"2024-08-19 09:06:51\" data-filename=\"04-Etikettendruck_3-1100x600.png\" data-slide-type=\"image\"><img loading=\"lazy\" decoding=\"async\" src=\"https:\/\/www.willkana.de\/wp-content\/uploads\/2024\/08\/04-Etikettendruck_3-1100x600.png\" height=\"600\" width=\"1100\" alt=\"\" class=\"slider-347 slide-363 msDefaultImage\" title=\"04-Etikettendruck_3\" \/><div class=\"caption-wrap\"><div class=\"caption\"><div>Automatisches Ausf\u00fcllen von Textfeldern, Ein- und Ausblenden \u00fcber AJAX von Schriftfeldern und Auswahlboxen.<\/div><\/div><\/div><\/li>\n                <li style=\"display: none; width: 100%;\" class=\"slide-364 ms-image \" aria-roledescription=\"slide\" data-date=\"2024-08-19 09:06:51\" data-filename=\"04-Etikettendruck_4-1100x600.png\" data-slide-type=\"image\"><img loading=\"lazy\" decoding=\"async\" src=\"https:\/\/www.willkana.de\/wp-content\/uploads\/2024\/08\/04-Etikettendruck_4-1100x600.png\" height=\"600\" width=\"1100\" alt=\"\" class=\"slider-347 slide-364 msDefaultImage\" title=\"04-Etikettendruck_4\" \/><div class=\"caption-wrap\"><div class=\"caption\"><div>Automatisches Ausf\u00fcllen von Textfeldern, Ein- und Ausblenden \u00fcber AJAX von Schriftfeldern und Auswahlboxen.<\/div><\/div><\/div><\/li>\n                <li style=\"display: none; width: 100%;\" class=\"slide-365 ms-image \" aria-roledescription=\"slide\" data-date=\"2024-08-19 09:06:51\" data-filename=\"04-Etikettendruck_5-1100x600.png\" data-slide-type=\"image\"><img loading=\"lazy\" decoding=\"async\" src=\"https:\/\/www.willkana.de\/wp-content\/uploads\/2024\/08\/04-Etikettendruck_5-1100x600.png\" height=\"600\" width=\"1100\" alt=\"\" class=\"slider-347 slide-365 msDefaultImage\" title=\"04-Etikettendruck_5\" \/><div class=\"caption-wrap\"><div class=\"caption\"><div>Weitere Optionen f\u00fcr Dokument- und Datenmanagement.<\/div><\/div><\/div><\/li>\n            <\/ul>\n        <\/div>\n        \n    <\/div>\n<\/div><\/pre>\n","protected":false},"excerpt":{"rendered":"<p>He creado esta galer\u00eda para mostrar las im\u00e1genes utilizadas para describir mi trabajo. Encontrar\u00e1 m\u00e1s detalles en proyectos y productos. La primera galer\u00eda es un proyecto actual para la empresa IWK de Bocholt. Debido a un cambio necesario en el \u00e1mbito de la gesti\u00f3n documental y administrativa, este software se desarroll\u00f3 en peque\u00f1os pasos y<\/p>\n<div class=\"more-link\">\n\t\t\t\t <a href=\"https:\/\/www.willkana.de\/es\/gallerie\/\" class=\"link-btn theme-btn\"><span>Read More <\/span> <i class=\"fa fa-caret-right\"><\/i><\/a>\n\t\t\t<\/div>\n","protected":false},"author":1,"featured_media":0,"parent":0,"menu_order":0,"comment_status":"closed","ping_status":"closed","template":"","meta":{"footnotes":""},"class_list":["post-26","page","type-page","status-publish","hentry"],"translation":{"provider":"WPGlobus","version":"3.0.2","language":"es","enabled_languages":["en","es","de"],"languages":{"en":{"title":true,"content":true,"excerpt":false},"es":{"title":true,"content":true,"excerpt":false},"de":{"title":true,"content":true,"excerpt":false}}},"_links":{"self":[{"href":"https:\/\/www.willkana.de\/es\/wp-json\/wp\/v2\/pages\/26","targetHints":{"allow":["GET"]}}],"collection":[{"href":"https:\/\/www.willkana.de\/es\/wp-json\/wp\/v2\/pages"}],"about":[{"href":"https:\/\/www.willkana.de\/es\/wp-json\/wp\/v2\/types\/page"}],"author":[{"embeddable":true,"href":"https:\/\/www.willkana.de\/es\/wp-json\/wp\/v2\/users\/1"}],"replies":[{"embeddable":true,"href":"https:\/\/www.willkana.de\/es\/wp-json\/wp\/v2\/comments?post=26"}],"version-history":[{"count":14,"href":"https:\/\/www.willkana.de\/es\/wp-json\/wp\/v2\/pages\/26\/revisions"}],"predecessor-version":[{"id":415,"href":"https:\/\/www.willkana.de\/es\/wp-json\/wp\/v2\/pages\/26\/revisions\/415"}],"wp:attachment":[{"href":"https:\/\/www.willkana.de\/es\/wp-json\/wp\/v2\/media?parent=26"}],"curies":[{"name":"wp","href":"https:\/\/api.w.org\/{rel}","templated":true}]}}